{"id":1920,"date":"2016-08-31T11:39:08","date_gmt":"2016-08-31T17:39:08","guid":{"rendered":"https:\/\/marataonline.com\/fr\/?page_id=1920"},"modified":"2016-08-31T12:38:06","modified_gmt":"2016-08-31T18:38:06","slug":"mission","status":"publish","type":"page","link":"https:\/\/marataonline.com\/fr\/quality\/mission\/","title":{"rendered":"Mission"},"content":{"rendered":"<div class=\"wpb-content-wrapper\"><p>[vc_row type=\u00a0\u00bbfull-width-section\u00a0\u00bb css=\u00a0\u00bb.vc_custom_1471363862436{margin-top: 0px !important;margin-bottom: 0px !important;border-top-width: 0px !important;border-bottom-width: 0px !important;padding-top: 25px !important;padding-bottom: 25px !important;background-color: #f3f3eb !important;}\u00a0\u00bb][vc_column][vc_custom_heading text=\u00a0\u00bbMission\u00a0\u00bb font_container=\u00a0\u00bbtag:h2|text_align:center|color:%23414141&Prime; google_fonts=\u00a0\u00bbfont_family:Signika%3A300%2Cregular%2C600%2C700|font_style:300%20light%20regular%3A300%3Anormal\u00a0\u00bb css=\u00a0\u00bb.vc_custom_1471363875510{margin-top: 0px !important;margin-bottom: 0px !important;border-top-width: 0px !important;border-bottom-width: 0px !important;padding-top: 0px !important;padding-bottom: 0px !important;}\u00a0\u00bb][\/vc_column][\/vc_row][vc_row][vc_column][vc_single_image image=\u00a0\u00bb884&Prime; img_size=\u00a0\u00bb200&#215;200&Prime; alignment=\u00a0\u00bbcenter\u00a0\u00bb css=\u00a0\u00bb.vc_custom_1471363613087{margin-top: 0px !important;margin-bottom: 0px !important;border-top-width: 0px !important;border-bottom-width: 0px !important;padding-top: 10px !important;padding-bottom: 10px !important;}\u00a0\u00bb][vc_column_text]<\/p>\n<h3 style=\"text-align: center;\"><span style=\"color: #666666;\">Deshidratadora Marata est une soci\u00e9t\u00e9 d\u00e9di\u00e9e \u00e0 la recherche et le d\u00e9veloppement de nouvelles technologies et de produits pour l&rsquo;industrie alimentaire.<\/span><\/h3>\n<p>[\/vc_column_text][\/vc_column][\/vc_row]<\/p>\n<\/div>","protected":false},"excerpt":{"rendered":"<p>[vc_row type=\u00a0\u00bbfull-width-section\u00a0\u00bb css=\u00a0\u00bb.vc_custom_1471363862436{margin-top: 0px !important;margin-bottom: 0px !important;border-top-width: 0px !important;border-bottom-width: 0px !important;padding-top: 25px !important;padding-bottom: 25px !important;background-color: #f3f3eb !important;}\u00a0\u00bb][vc_column][vc_custom_heading text=\u00a0\u00bbMission\u00a0\u00bb font_container=\u00a0\u00bbtag:h2|text_align:center|color:%23414141&Prime; google_fonts=\u00a0\u00bbfont_family:Signika%3A300%2Cregular%2C600%2C700|font_style:300%20light%20regular%3A300%3Anormal\u00a0\u00bb css=\u00a0\u00bb.vc_custom_1471363875510{margin-top: 0px !important;margin-bottom: 0px !important;border-top-width: 0px !important;border-bottom-width: 0px !important;padding-top: 0px !important;padding-bottom: 0px !important;}\u00a0\u00bb][\/vc_column][\/vc_row][vc_row][vc_column][vc_single_image image=\u00a0\u00bb884&Prime; img_size=\u00a0\u00bb200&#215;200&Prime; alignment=\u00a0\u00bbcenter\u00a0\u00bb css=\u00a0\u00bb.vc_custom_1471363613087{margin-top: 0px !important;margin-bottom: 0px !important;border-top-width: 0px !important;border-bottom-width: 0px !important;padding-top: 10px !important;padding-bottom: 10px !important;}\u00a0\u00bb][vc_column_text] Deshidratadora Marata est une soci\u00e9t\u00e9 d\u00e9di\u00e9e&hellip; <a class=\"more-link\" href=\"https:\/\/marataonline.com\/fr\/quality\/mission\/\">Continue reading <span class=\"screen-reader-text\">Mission<\/span><\/a><\/p>\n","protected":false},"author":1,"featured_media":0,"parent":1919,"menu_order":0,"comment_status":"closed","ping_status":"closed","template":"","meta":{"footnotes":""},"class_list":["post-1920","page","type-page","status-publish","hentry","entry"],"aioseo_notices":[],"_links":{"self":[{"href":"https:\/\/marataonline.com\/fr\/wp-json\/wp\/v2\/pages\/1920","targetHints":{"allow":["GET"]}}],"collection":[{"href":"https:\/\/marataonline.com\/fr\/wp-json\/wp\/v2\/pages"}],"about":[{"href":"https:\/\/marataonline.com\/fr\/wp-json\/wp\/v2\/types\/page"}],"author":[{"embeddable":true,"href":"https:\/\/marataonline.com\/fr\/wp-json\/wp\/v2\/users\/1"}],"replies":[{"embeddable":true,"href":"https:\/\/marataonline.com\/fr\/wp-json\/wp\/v2\/comments?post=1920"}],"version-history":[{"count":0,"href":"https:\/\/marataonline.com\/fr\/wp-json\/wp\/v2\/pages\/1920\/revisions"}],"up":[{"embeddable":true,"href":"https:\/\/marataonline.com\/fr\/wp-json\/wp\/v2\/pages\/1919"}],"wp:attachment":[{"href":"https:\/\/marataonline.com\/fr\/wp-json\/wp\/v2\/media?parent=1920"}],"curies":[{"name":"wp","href":"https:\/\/api.w.org\/{rel}","templated":true}]}}