{"id":2104,"date":"2016-09-23T14:39:18","date_gmt":"2016-09-23T20:39:18","guid":{"rendered":"https:\/\/marataonline.com\/fr\/?page_id=2104"},"modified":"2016-09-23T14:42:11","modified_gmt":"2016-09-23T20:42:11","slug":"legal-notice","status":"publish","type":"page","link":"https:\/\/marataonline.com\/fr\/legal-notice\/","title":{"rendered":"Informations Juridiques"},"content":{"rendered":"<div class=\"wpb-content-wrapper\"><p>[vc_row css=\u00a0\u00bb.vc_custom_1474662804752{margin-top: 0px !important;margin-bottom: 0px !important;border-top-width: 0px !important;border-bottom-width: 0px !important;padding-top: 40px !important;padding-bottom: 40px !important;}\u00a0\u00bb][vc_column][vc_custom_heading text=\u00a0\u00bbInformations Juridiques\u00a0\u00bb font_container=\u00a0\u00bbtag:h1|text_align:left|color:%23414141&Prime; google_fonts=\u00a0\u00bbfont_family:Signika%3A300%2Cregular%2C600%2C700|font_style:300%20light%20regular%3A300%3Anormal\u00a0\u00bb][vc_column_text]<\/p>\n<p style=\"text-align: justify;\"><span style=\"color: #666666;\"><strong>Conditions d\u2019utilisation<\/strong>\u00a0<\/span><br \/>\n<span style=\"color: #666666;\"> Tous les contenus de notre site Internet sont prot\u00e9g\u00e9s par les droits d\u2019auteur. Nous autorisons express\u00e9ment l\u2019utilisation de toutes les donn\u00e9es \u00e0 des fins priv\u00e9es non commerciales. En cas de reproduction, il convient de faire express\u00e9ment mention des droits d\u2019auteur et de propri\u00e9t\u00e9 de la soci\u00e9t\u00e9 MARATA SPECIALTIES, LLC. Les contenus ne doivent aucunement \u00eatre modifi\u00e9s et utilis\u00e9s sans autorisation \u00e9crite sur d\u2019autres sites Internet ou ordinateurs en r\u00e9seau. Toute utilisation \u00e0 des fins publiques ou commerciales n\u00e9cessite l\u2019accord de la soci\u00e9t\u00e9 MARATA SPECIALTIES, LLC. Une violation de ces conditions entra\u00eene l\u2019obligation d\u2019une destruction imm\u00e9diate de tous les contenus. La soci\u00e9t\u00e9 WIBERG se r\u00e9serve le droit de faire valoir d\u2019autres pr\u00e9tentions \u00e0 dommages-int\u00e9r\u00eats.<\/span><br \/>\n<span style=\"color: #666666;\"> \u00a0<\/span><br \/>\n<span style=\"color: #666666;\"> <strong>Protection des donn\u00e9es<\/strong>\u00a0<\/span><br \/>\n<span style=\"color: #666666;\"> Nous vous informons que vos donn\u00e9es sont exploit\u00e9es et utilis\u00e9es en vue du traitement de vos demandes dans le respect des r\u00e8glements nationaux et mexicain en vigueur relatifs \u00e0 la protection des donn\u00e9es. La soci\u00e9t\u00e9 MARATA SPECIALTIES, LLC pr\u00e9serve le caract\u00e8re confidentiel de vos donn\u00e9es et s\u2019engage \u00e0 ne pas les vendre, ni les louer, ni les mettre \u00e0 la disposition de tiers.<\/span><br \/>\n<span style=\"color: #666666;\"> \u00a0<\/span><br \/>\n<span style=\"color: #666666;\"> <strong>Services Internet<\/strong>\u00a0<\/span><br \/>\n<span style=\"color: #666666;\"> Notre site Internet comporte \u00e9galement des liens (LINKS) vers les sites d\u2019autres prestataires. La soci\u00e9t\u00e9 MARATA SPECIALTIES, LLC d\u00e9cline toute responsabilit\u00e9 \u00e0 l\u2019\u00e9gard de contenus \u00e9trangers accessibles par l\u2019interm\u00e9diaire de semblables liens (LINKS). Lors de l\u2019\u00e9tablissement initial d\u2019un lien, l\u2019offre tierce a \u00e9t\u00e9 contr\u00f4l\u00e9e pour y d\u00e9tecter d\u2019\u00e9ventuels contenus ill\u00e9gaux. Ce n\u2019est que lorsque nous constatons ou que l\u2019on nous indique qu\u2019une offre pr\u00e9sente un contenu ill\u00e9gal que ce lien (LINK) est supprim\u00e9, dans la mesure o\u00f9 ceci est techniquement possible et acceptable. Nous utilisons sur notre site des cookies et une gestion des sessions qui facilitent l\u2019utilisation de nos offres en ligne. Nos cookies ne contiennent aucune information sp\u00e9cifique aux personnes, ni votre adresse e-mail, et ils ne nous d\u00e9voilent pas votre identit\u00e9.<\/span><\/p>\n<p style=\"text-align: justify;\"><span style=\"color: #666666;\"><strong>Garantie<\/strong>\u00a0<\/span><br \/>\n<span style=\"color: #666666;\"> Les informations figurant sur nos pages Internet sont \u00e9tablies avec le plus grand soin. La soci\u00e9t\u00e9 MARATA SPECIALTIES, LLC n\u2019assume cependant aucune garantie quant \u00e0 leur exhaustivit\u00e9 ou \u00e0 leur aptitude \u00e0 r\u00e9pondre \u00e0 des utilisations pr\u00e9cises. L\u2019utilisation des contenus mis \u00e0 la disposition de l\u2019utilisateur sur les pages Internet a lieu aux seuls risques de celui-ci.<\/span><\/p>\n<p><span style=\"color: #666666;\"><strong>Google Disclaimer<\/strong>\u00a0<\/span><br \/>\n<span style=\"color: #666666;\"> Ce site Internet utilise Google Analytics, un service d\u2019analyse Internet de Google Inc. (\u00ab\u00a0Google\u00a0\u00bb). Google Analytics utilise des \u00ab\u00a0cookies\u00a0\u00bb, des fichiers texte stock\u00e9s sur votre ordinateur et permettant une analyse de l\u2019utilisation du site. Les informations \u00e9tablies par le cookie sur votre utilisation de ce site (y compris votre adresse IP) sont transmises \u00e0 un serveur de Google aux USA et y sont stock\u00e9es. Google utilisera ces informations pour \u00e9valuer votre utilisation du site, \u00e9tablir des rapports sur les activit\u00e9s du site destin\u00e9s aux exploitants de celui-ci, et fournir des prestations de service suppl\u00e9mentaires en relation avec l\u2019utilisation du site et d\u2019Internet. Google communiquera \u00e9ventuellement ces informations \u00e0 des tiers dans la mesure o\u00f9 ceci est prescrit par la loi ou bien dans la mesure o\u00f9 des tiers traitent ces donn\u00e9es \u00e0 la demande de Google. Google ne mettra en aucun cas votre adresse IP en relation avec d\u2019autres donn\u00e9es de Google. Vous pouvez emp\u00eacher l\u2019installation des cookies par un param\u00e9trage correspondant de votre navigateur. Nous vous indiquons cependant que, le cas \u00e9ch\u00e9ant, vous ne pourrez pas dans ce cas utiliser l\u2019ensemble des fonctions de ce site dans leur int\u00e9gralit\u00e9. En utilisant ce site, vous vous approuvez le traitement des donn\u00e9es recueillies sur vous par Google de la mani\u00e8re pr\u00e9c\u00e9demment d\u00e9crite et aux fins pr\u00e9c\u00e9demment mentionn\u00e9es. Il est possible de contester \u00e0 tout moment la collecte et le stockage des donn\u00e9es avec prise d\u2019effet ult\u00e9rieure. En raison de la discussion portant sur l\u2019utilisation d\u2019outils d\u2019analyse avec adresses IP compl\u00e8tes, nous vous indiquons que ce site Internet utilise Google Analytics avec l\u2019extension \u00ab\u00a0_anonymizeIp()\u00a0\u00bb et que les adresses IP ne peuvent de ce fait \u00eatre trait\u00e9es que de mani\u00e8re abr\u00e9g\u00e9e pour exclure la possibilit\u00e9 d\u2019une relation directe \u00e0 la personne.<\/span>[\/vc_column_text][\/vc_column][\/vc_row]<\/p>\n<\/div>","protected":false},"excerpt":{"rendered":"<p>[vc_row css=\u00a0\u00bb.vc_custom_1474662804752{margin-top: 0px !important;margin-bottom: 0px !important;border-top-width: 0px !important;border-bottom-width: 0px !important;padding-top: 40px !important;padding-bottom: 40px !important;}\u00a0\u00bb][vc_column][vc_custom_heading text=\u00a0\u00bbInformations Juridiques\u00a0\u00bb font_container=\u00a0\u00bbtag:h1|text_align:left|color:%23414141&Prime; google_fonts=\u00a0\u00bbfont_family:Signika%3A300%2Cregular%2C600%2C700|font_style:300%20light%20regular%3A300%3Anormal\u00a0\u00bb][vc_column_text] Conditions d\u2019utilisation\u00a0 Tous les contenus de notre site Internet sont prot\u00e9g\u00e9s par les droits d\u2019auteur. Nous autorisons express\u00e9ment l\u2019utilisation de toutes les donn\u00e9es \u00e0 des fins priv\u00e9es non commerciales. En cas de reproduction, il convient de faire&hellip; <a class=\"more-link\" href=\"https:\/\/marataonline.com\/fr\/legal-notice\/\">Continue reading <span class=\"screen-reader-text\">Informations Juridiques<\/span><\/a><\/p>\n","protected":false},"author":1,"featured_media":0,"parent":0,"menu_order":0,"comment_status":"closed","ping_status":"closed","template":"","meta":{"footnotes":""},"class_list":["post-2104","page","type-page","status-publish","hentry","entry"],"aioseo_notices":[],"_links":{"self":[{"href":"https:\/\/marataonline.com\/fr\/wp-json\/wp\/v2\/pages\/2104","targetHints":{"allow":["GET"]}}],"collection":[{"href":"https:\/\/marataonline.com\/fr\/wp-json\/wp\/v2\/pages"}],"about":[{"href":"https:\/\/marataonline.com\/fr\/wp-json\/wp\/v2\/types\/page"}],"author":[{"embeddable":true,"href":"https:\/\/marataonline.com\/fr\/wp-json\/wp\/v2\/users\/1"}],"replies":[{"embeddable":true,"href":"https:\/\/marataonline.com\/fr\/wp-json\/wp\/v2\/comments?post=2104"}],"version-history":[{"count":3,"href":"https:\/\/marataonline.com\/fr\/wp-json\/wp\/v2\/pages\/2104\/revisions"}],"predecessor-version":[{"id":2107,"href":"https:\/\/marataonline.com\/fr\/wp-json\/wp\/v2\/pages\/2104\/revisions\/2107"}],"wp:attachment":[{"href":"https:\/\/marataonline.com\/fr\/wp-json\/wp\/v2\/media?parent=2104"}],"curies":[{"name":"wp","href":"https:\/\/api.w.org\/{rel}","templated":true}]}}